{"id":375,"date":"2022-04-15T11:42:26","date_gmt":"2022-04-15T09:42:26","guid":{"rendered":"https:\/\/ld-wp73.template-help.com\/wordpress\/prod_13996\/v2\/?page_id=375"},"modified":"2026-03-27T11:06:28","modified_gmt":"2026-03-27T10:06:28","slug":"imprint","status":"publish","type":"page","link":"https:\/\/www.elenafilatov.com\/en\/imprint\/","title":{"rendered":"Impressum"},"content":{"rendered":"<div data-elementor-type=\"wp-page\" data-elementor-id=\"375\" class=\"elementor elementor-375\">\n\t\t\t\t\t\t<section class=\"elementor-section elementor-top-section elementor-element elementor-element-4e1f0cb elementor-reverse-mobile elementor-section-boxed elementor-section-height-default elementor-section-height-default\" data-id=\"4e1f0cb\" data-element_type=\"section\" data-e-type=\"section\" data-settings=\"{&quot;background_background&quot;:&quot;classic&quot;,&quot;jet_parallax_layout_list&quot;:[]}\">\n\t\t\t\t\t\t\t<div class=\"elementor-background-overlay\"><\/div>\n\t\t\t\t\t\t\t<div class=\"elementor-container elementor-column-gap-default\">\n\t\t\t\t\t<div class=\"elementor-column elementor-col-100 elementor-top-column elementor-element elementor-element-a4bc37f\" data-id=\"a4bc37f\" data-element_type=\"column\" data-e-type=\"column\">\n\t\t\t<div class=\"elementor-widget-wrap elementor-element-populated\">\n\t\t\t\t\t\t<div class=\"elementor-element elementor-element-49266d4 elementor-widget elementor-widget-spacer\" data-id=\"49266d4\" data-element_type=\"widget\" data-e-type=\"widget\" data-widget_type=\"spacer.default\">\n\t\t\t\t<div class=\"elementor-widget-container\">\n\t\t\t\t\t\t\t<div class=\"elementor-spacer\">\n\t\t\t<div class=\"elementor-spacer-inner\"><\/div>\n\t\t<\/div>\n\t\t\t\t\t\t<\/div>\n\t\t\t\t<\/div>\n\t\t\t\t<div class=\"elementor-element elementor-element-6a126d0 elementor-widget elementor-widget-heading\" data-id=\"6a126d0\" data-element_type=\"widget\" data-e-type=\"widget\" data-no-translation=\"\" data-widget_type=\"heading.default\">\n\t\t\t\t<div class=\"elementor-widget-container\">\n\t\t\t\t\t<style>.elementor-element-6a126d0{display:none !important}<\/style>\t\t\t\t<\/div>\n\t\t\t\t<\/div>\n\t\t\t\t<div class=\"elementor-element elementor-element-c59bff5 elementor-widget elementor-widget-heading\" data-id=\"c59bff5\" data-element_type=\"widget\" data-e-type=\"widget\" data-no-translation=\"\" data-widget_type=\"heading.default\">\n\t\t\t\t<div class=\"elementor-widget-container\">\n\t\t\t\t\t<h1 class=\"elementor-heading-title elementor-size-default\">Imprint<\/h1>\t\t\t\t<\/div>\n\t\t\t\t<\/div>\n\t\t\t\t<div class=\"elementor-element elementor-element-0f6f4c5 elementor-widget-divider--view-line elementor-widget elementor-widget-divider\" data-id=\"0f6f4c5\" data-element_type=\"widget\" data-e-type=\"widget\" data-widget_type=\"divider.default\">\n\t\t\t\t<div class=\"elementor-widget-container\">\n\t\t\t\t\t\t\t<div class=\"elementor-divider\">\n\t\t\t<span class=\"elementor-divider-separator\">\n\t\t\t\t\t\t<\/span>\n\t\t<\/div>\n\t\t\t\t\t\t<\/div>\n\t\t\t\t<\/div>\n\t\t\t\t<div class=\"elementor-element elementor-element-72351c2 elementor-widget elementor-widget-spacer\" data-id=\"72351c2\" data-element_type=\"widget\" data-e-type=\"widget\" data-widget_type=\"spacer.default\">\n\t\t\t\t<div class=\"elementor-widget-container\">\n\t\t\t\t\t\t\t<div class=\"elementor-spacer\">\n\t\t\t<div class=\"elementor-spacer-inner\"><\/div>\n\t\t<\/div>\n\t\t\t\t\t\t<\/div>\n\t\t\t\t<\/div>\n\t\t\t\t<div class=\"elementor-element elementor-element-05cf2ef elementor-align-center elementor-widget elementor-widget-button\" data-id=\"05cf2ef\" data-element_type=\"widget\" data-e-type=\"widget\" data-no-translation=\"\" data-widget_type=\"button.default\">\n\t\t\t\t<div class=\"elementor-widget-container\">\n\t\t\t\t\t<style>.elementor-element-05cf2ef{display:none !important}<\/style>\t\t\t\t<\/div>\n\t\t\t\t<\/div>\n\t\t\t\t<div class=\"elementor-element elementor-element-4c12bf1 elementor-align-center elementor-widget elementor-widget-button\" data-id=\"4c12bf1\" data-element_type=\"widget\" data-e-type=\"widget\" data-no-translation=\"\" data-widget_type=\"button.default\">\n\t\t\t\t<div class=\"elementor-widget-container\">\n\t\t\t\t\t\t\t\t\t<div class=\"elementor-button-wrapper\">\n\t\t\t\t\t<a class=\"elementor-button elementor-button-link elementor-size-md\" href=\"https:\/\/wp.elenafilatov.com\/en\/\">\n\t\t\t\t\t\t<span class=\"elementor-button-content-wrapper\">\n\t\t\t\t\t\t\t\t\t<span class=\"elementor-button-text\">Back to the homepage<\/span>\n\t\t\t\t\t<\/span>\n\t\t\t\t\t<\/a>\n\t\t\t\t<\/div>\n\t\t\t\t\t\t\t\t<\/div>\n\t\t\t\t<\/div>\n\t\t\t\t<div class=\"elementor-element elementor-element-89dfebf elementor-widget elementor-widget-spacer\" data-id=\"89dfebf\" data-element_type=\"widget\" data-e-type=\"widget\" data-widget_type=\"spacer.default\">\n\t\t\t\t<div class=\"elementor-widget-container\">\n\t\t\t\t\t\t\t<div class=\"elementor-spacer\">\n\t\t\t<div class=\"elementor-spacer-inner\"><\/div>\n\t\t<\/div>\n\t\t\t\t\t\t<\/div>\n\t\t\t\t<\/div>\n\t\t\t\t\t<\/div>\n\t\t<\/div>\n\t\t\t\t\t<\/div>\n\t\t<\/section>\n\t\t\t\t<section class=\"elementor-section elementor-top-section elementor-element elementor-element-3224c83 elementor-section-boxed elementor-section-height-default elementor-section-height-default\" data-id=\"3224c83\" data-element_type=\"section\" data-e-type=\"section\" data-settings=\"{&quot;jet_parallax_layout_list&quot;:[]}\">\n\t\t\t\t\t\t<div class=\"elementor-container elementor-column-gap-default\">\n\t\t\t\t\t<div class=\"elementor-column elementor-col-50 elementor-top-column elementor-element elementor-element-339d0cf\" data-id=\"339d0cf\" data-element_type=\"column\" data-e-type=\"column\">\n\t\t\t<div class=\"elementor-widget-wrap elementor-element-populated\">\n\t\t\t\t\t\t<div class=\"elementor-element elementor-element-ed81d16 elementor-widget elementor-widget-heading\" data-id=\"ed81d16\" data-element_type=\"widget\" data-e-type=\"widget\" data-no-translation=\"\" data-widget_type=\"heading.default\">\n\t\t\t\t<div class=\"elementor-widget-container\">\n\t\t\t\t\t<style>.elementor-element-ed81d16{display:none !important}<\/style>\t\t\t\t<\/div>\n\t\t\t\t<\/div>\n\t\t\t\t<div class=\"elementor-element elementor-element-0c0455d elementor-widget elementor-widget-heading\" data-id=\"0c0455d\" data-element_type=\"widget\" data-e-type=\"widget\" data-no-translation=\"\" data-widget_type=\"heading.default\">\n\t\t\t\t<div class=\"elementor-widget-container\">\n\t\t\t\t\t<h2 class=\"elementor-heading-title elementor-size-default\">Imprint<\/h2>\t\t\t\t<\/div>\n\t\t\t\t<\/div>\n\t\t\t\t<div class=\"elementor-element elementor-element-55ff30d elementor-widget-divider--view-line elementor-widget elementor-widget-divider\" data-id=\"55ff30d\" data-element_type=\"widget\" data-e-type=\"widget\" data-widget_type=\"divider.default\">\n\t\t\t\t<div class=\"elementor-widget-container\">\n\t\t\t\t\t\t\t<div class=\"elementor-divider\">\n\t\t\t<span class=\"elementor-divider-separator\">\n\t\t\t\t\t\t<\/span>\n\t\t<\/div>\n\t\t\t\t\t\t<\/div>\n\t\t\t\t<\/div>\n\t\t\t\t<div class=\"elementor-element elementor-element-293d532 elementor-widget elementor-widget-spacer\" data-id=\"293d532\" data-element_type=\"widget\" data-e-type=\"widget\" data-widget_type=\"spacer.default\">\n\t\t\t\t<div class=\"elementor-widget-container\">\n\t\t\t\t\t\t\t<div class=\"elementor-spacer\">\n\t\t\t<div class=\"elementor-spacer-inner\"><\/div>\n\t\t<\/div>\n\t\t\t\t\t\t<\/div>\n\t\t\t\t<\/div>\n\t\t\t\t<div class=\"elementor-element elementor-element-583fd97 elementor-widget elementor-widget-text-editor\" data-id=\"583fd97\" data-element_type=\"widget\" data-e-type=\"widget\" data-no-translation=\"\" data-widget_type=\"text-editor.default\">\n\t\t\t\t<div class=\"elementor-widget-container\">\n\t\t\t\t\t<style>.elementor-element-583fd97{display:none !important}<\/style>\t\t\t\t<\/div>\n\t\t\t\t<\/div>\n\t\t\t\t<div class=\"elementor-element elementor-element-6224a2e elementor-widget elementor-widget-text-editor\" data-id=\"6224a2e\" data-element_type=\"widget\" data-e-type=\"widget\" data-no-translation=\"\" data-widget_type=\"text-editor.default\">\n\t\t\t\t<div class=\"elementor-widget-container\">\n\t\t\t\t\t\t\t\t\t<p>Elena Filatov-Roth<br>Bachh\u00f6ller Weg 5<br>D-65346 Eltville<\/p>\n<p>E-Mail: <b>elena-f@gmx.de<br><\/b><\/p>\n<p>Responsible for content according to \u00a7 6 MDStV: Elena Filatov-Roth<\/p>\n<p><b>Copyright:<\/b><br>&nbsp;\u200d\u00a9 All rights reserved. In particular, reproductions may only be made with the prior written consent of the provider. By using the website elenafilatov.de you agree to our terms of use. No guarantee is given for the accuracy or completeness. The same applies to third-party content that is made accessible via these pages. Under no circumstances will liability be assumed for any damage that may arise from the use of the information retrieved or the sending of information.<\/p>\n<p><b>Disclaimer: <\/b><br>The information provided on the website elenafilatov.de has been carefully checked and is regularly updated. However, no liability or guarantee can be assumed that all information is complete, correct and up-to-date at all times. This applies in particular to all \u201clinks\u201d to other websites to which reference is made directly or indirectly. With regard to the links, Michael Weber expressly declares that he has no influence on the design and content of the linked pages and does not adopt this content as his own.<\/p>\t\t\t\t\t\t\t\t<\/div>\n\t\t\t\t<\/div>\n\t\t\t\t\t<\/div>\n\t\t<\/div>\n\t\t\t\t<div class=\"elementor-column elementor-col-50 elementor-top-column elementor-element elementor-element-0acde21\" data-id=\"0acde21\" data-element_type=\"column\" data-e-type=\"column\">\n\t\t\t<div class=\"elementor-widget-wrap elementor-element-populated\">\n\t\t\t\t\t\t<div class=\"elementor-element elementor-element-6cbc462 elementor-widget elementor-widget-image\" data-id=\"6cbc462\" data-element_type=\"widget\" data-e-type=\"widget\" data-widget_type=\"image.default\">\n\t\t\t\t<div class=\"elementor-widget-container\">\n\t\t\t\t\t\t\t\t\t\t\t\t\t\t\t<img fetchpriority=\"high\" decoding=\"async\" width=\"683\" height=\"1024\" src=\"https:\/\/www.elenafilatov.com\/wp-content\/uploads\/2023\/09\/Elena-Filatov_08-683x1024.jpg\" class=\"attachment-large size-large wp-image-3099\" alt=\"Elena Filatov_08\" srcset=\"https:\/\/www.elenafilatov.com\/wp-content\/uploads\/2023\/09\/Elena-Filatov_08-683x1024.jpg 683w, https:\/\/www.elenafilatov.com\/wp-content\/uploads\/2023\/09\/Elena-Filatov_08-200x300.jpg 200w, https:\/\/www.elenafilatov.com\/wp-content\/uploads\/2023\/09\/Elena-Filatov_08-768x1152.jpg 768w, https:\/\/www.elenafilatov.com\/wp-content\/uploads\/2023\/09\/Elena-Filatov_08-600x900.jpg 600w, https:\/\/www.elenafilatov.com\/wp-content\/uploads\/2023\/09\/Elena-Filatov_08.jpg 1000w\" sizes=\"(max-width: 683px) 100vw, 683px\" \/>\t\t\t\t\t\t\t\t\t\t\t\t\t\t\t<\/div>\n\t\t\t\t<\/div>\n\t\t\t\t\t<\/div>\n\t\t<\/div>\n\t\t\t\t\t<\/div>\n\t\t<\/section>\n\t\t\t\t<\/div>","protected":false},"excerpt":{"rendered":"<p>Impressum Zur\u00fcck zur Homepage ImpresSum Elena Filatov-RothBachh\u00f6ller Weg 5D-65346 Eltville E-Mail: elena-f@gmx.de Inhaltlich Verantwortlicher gem\u00e4\u00df \u00a7 6 MDStV: Elena Filatov-Roth Urheberrecht:&nbsp;\u200d\u00a9 Alle Rechte vorbehalten. Insbesondere d\u00fcrfen Vervielf\u00e4ltigungen nur nach vorheriger schriftlicher Zustimmung des Anbieters erfolgen. Mit der Nutzung der Website elenafilatov.de erkl\u00e4ren Sie sich mit unseren Nutzungsbedingungen einverstanden. F\u00fcr die Richtigkeit und Vollst\u00e4ndigkeit wird keine [&hellip;]<\/p>\n","protected":false},"author":6,"featured_media":0,"parent":0,"menu_order":0,"comment_status":"closed","ping_status":"closed","template":"elementor_header_footer","meta":{"footnotes":""},"class_list":["post-375","page","type-page","status-publish","hentry"],"yoast_head":"<!-- This site is optimized with the Yoast SEO plugin v27.5 - https:\/\/yoast.com\/product\/yoast-seo-wordpress\/ -->\n<title>Impressum - Elena Filatov<\/title>\n<meta name=\"robots\" content=\"index, follow, max-snippet:-1, max-image-preview:large, max-video-preview:-1\" \/>\n<link rel=\"canonical\" href=\"https:\/\/www.elenafilatov.com\/en\/imprint\/\" \/>\n<meta property=\"og:locale\" content=\"en_US\" \/>\n<meta property=\"og:type\" content=\"article\" \/>\n<meta property=\"og:title\" content=\"Impressum - Elena Filatov\" \/>\n<meta property=\"og:description\" content=\"Impressum Zur\u00fcck zur Homepage ImpresSum Elena Filatov-RothBachh\u00f6ller Weg 5D-65346 Eltville E-Mail: elena-f@gmx.de Inhaltlich Verantwortlicher gem\u00e4\u00df \u00a7 6 MDStV: Elena Filatov-Roth Urheberrecht:&nbsp;\u200d\u00a9 Alle Rechte vorbehalten. Insbesondere d\u00fcrfen Vervielf\u00e4ltigungen nur nach vorheriger schriftlicher Zustimmung des Anbieters erfolgen. Mit der Nutzung der Website elenafilatov.de erkl\u00e4ren Sie sich mit unseren Nutzungsbedingungen einverstanden. F\u00fcr die Richtigkeit und Vollst\u00e4ndigkeit wird keine [&hellip;]\" \/>\n<meta property=\"og:url\" content=\"https:\/\/www.elenafilatov.com\/en\/imprint\/\" \/>\n<meta property=\"og:site_name\" content=\"Elena Filatov\" \/>\n<meta property=\"article:modified_time\" content=\"2026-03-27T10:06:28+00:00\" \/>\n<meta property=\"og:image\" content=\"https:\/\/www.elenafilatov.com\/wp-content\/uploads\/2023\/09\/Elena-Filatov_08.jpg\" \/>\n\t<meta property=\"og:image:width\" content=\"1000\" \/>\n\t<meta property=\"og:image:height\" content=\"1500\" \/>\n\t<meta property=\"og:image:type\" content=\"image\/jpeg\" \/>\n<meta name=\"twitter:card\" content=\"summary_large_image\" \/>\n<meta name=\"twitter:label1\" content=\"Est. reading time\" \/>\n\t<meta name=\"twitter:data1\" content=\"3 minutes\" \/>\n<script type=\"application\/ld+json\" class=\"yoast-schema-graph\">{\"@context\":\"https:\\\/\\\/schema.org\",\"@graph\":[{\"@type\":\"WebPage\",\"@id\":\"https:\\\/\\\/www.elenafilatov.com\\\/imprint\\\/\",\"url\":\"https:\\\/\\\/www.elenafilatov.com\\\/imprint\\\/\",\"name\":\"Impressum - Elena Filatov\",\"isPartOf\":{\"@id\":\"https:\\\/\\\/www.elenafilatov.com\\\/#website\"},\"primaryImageOfPage\":{\"@id\":\"https:\\\/\\\/www.elenafilatov.com\\\/imprint\\\/#primaryimage\"},\"image\":{\"@id\":\"https:\\\/\\\/www.elenafilatov.com\\\/imprint\\\/#primaryimage\"},\"thumbnailUrl\":\"https:\\\/\\\/www.elenafilatov.com\\\/wp-content\\\/uploads\\\/2023\\\/09\\\/Elena-Filatov_08-683x1024.jpg\",\"datePublished\":\"2022-04-15T09:42:26+00:00\",\"dateModified\":\"2026-03-27T10:06:28+00:00\",\"breadcrumb\":{\"@id\":\"https:\\\/\\\/www.elenafilatov.com\\\/imprint\\\/#breadcrumb\"},\"inLanguage\":\"en-US\",\"potentialAction\":[{\"@type\":\"ReadAction\",\"target\":[\"https:\\\/\\\/www.elenafilatov.com\\\/imprint\\\/\"]}]},{\"@type\":\"ImageObject\",\"inLanguage\":\"en-US\",\"@id\":\"https:\\\/\\\/www.elenafilatov.com\\\/imprint\\\/#primaryimage\",\"url\":\"https:\\\/\\\/www.elenafilatov.com\\\/wp-content\\\/uploads\\\/2023\\\/09\\\/Elena-Filatov_08-683x1024.jpg\",\"contentUrl\":\"https:\\\/\\\/www.elenafilatov.com\\\/wp-content\\\/uploads\\\/2023\\\/09\\\/Elena-Filatov_08-683x1024.jpg\"},{\"@type\":\"BreadcrumbList\",\"@id\":\"https:\\\/\\\/www.elenafilatov.com\\\/imprint\\\/#breadcrumb\",\"itemListElement\":[{\"@type\":\"ListItem\",\"position\":1,\"name\":\"Startseite\",\"item\":\"https:\\\/\\\/www.elenafilatov.com\\\/\"},{\"@type\":\"ListItem\",\"position\":2,\"name\":\"Impressum\"}]},{\"@type\":\"WebSite\",\"@id\":\"https:\\\/\\\/www.elenafilatov.com\\\/#website\",\"url\":\"https:\\\/\\\/www.elenafilatov.com\\\/\",\"name\":\"Elena Filatov\",\"description\":\"Galerie\",\"publisher\":{\"@id\":\"https:\\\/\\\/www.elenafilatov.com\\\/#\\\/schema\\\/person\\\/25d51bfa5563a71ae2b07a4a3faacf87\"},\"potentialAction\":[{\"@type\":\"SearchAction\",\"target\":{\"@type\":\"EntryPoint\",\"urlTemplate\":\"https:\\\/\\\/www.elenafilatov.com\\\/?s={search_term_string}\"},\"query-input\":{\"@type\":\"PropertyValueSpecification\",\"valueRequired\":true,\"valueName\":\"search_term_string\"}}],\"inLanguage\":\"en-US\"},{\"@type\":[\"Person\",\"Organization\"],\"@id\":\"https:\\\/\\\/www.elenafilatov.com\\\/#\\\/schema\\\/person\\\/25d51bfa5563a71ae2b07a4a3faacf87\",\"name\":\"Elena Filatov\",\"image\":{\"@type\":\"ImageObject\",\"inLanguage\":\"en-US\",\"@id\":\"https:\\\/\\\/www.elenafilatov.com\\\/wp-content\\\/uploads\\\/2023\\\/12\\\/Elena-Filatov.jpg\",\"url\":\"https:\\\/\\\/www.elenafilatov.com\\\/wp-content\\\/uploads\\\/2023\\\/12\\\/Elena-Filatov.jpg\",\"contentUrl\":\"https:\\\/\\\/www.elenafilatov.com\\\/wp-content\\\/uploads\\\/2023\\\/12\\\/Elena-Filatov.jpg\",\"width\":1200,\"height\":1454,\"caption\":\"Elena Filatov\"},\"logo\":{\"@id\":\"https:\\\/\\\/www.elenafilatov.com\\\/wp-content\\\/uploads\\\/2023\\\/12\\\/Elena-Filatov.jpg\"},\"description\":\"Elena Filatov, artist, painter, woman. The tragic family history and the strength of Elena's two grandmothers, who ensured the survival of the family, shaped Elena Filatov's artistic development. The feminine and sensual strength runs like a red thread through Elena's work.\",\"sameAs\":[\"https:\\\/\\\/elenafilatov.com\",\"https:\\\/\\\/www.instagram.com\\\/elena_filatov_\\\/\"]}]}<\/script>\n<!-- \/ Yoast SEO plugin. -->","yoast_head_json":{"title":"Impressum - Elena Filatov","robots":{"index":"index","follow":"follow","max-snippet":"max-snippet:-1","max-image-preview":"max-image-preview:large","max-video-preview":"max-video-preview:-1"},"canonical":"https:\/\/www.elenafilatov.com\/en\/imprint\/","og_locale":"en_US","og_type":"article","og_title":"Impressum - Elena Filatov","og_description":"Impressum Zur\u00fcck zur Homepage ImpresSum Elena Filatov-RothBachh\u00f6ller Weg 5D-65346 Eltville E-Mail: elena-f@gmx.de Inhaltlich Verantwortlicher gem\u00e4\u00df \u00a7 6 MDStV: Elena Filatov-Roth Urheberrecht:&nbsp;\u200d\u00a9 Alle Rechte vorbehalten. Insbesondere d\u00fcrfen Vervielf\u00e4ltigungen nur nach vorheriger schriftlicher Zustimmung des Anbieters erfolgen. Mit der Nutzung der Website elenafilatov.de erkl\u00e4ren Sie sich mit unseren Nutzungsbedingungen einverstanden. F\u00fcr die Richtigkeit und Vollst\u00e4ndigkeit wird keine [&hellip;]","og_url":"https:\/\/www.elenafilatov.com\/en\/imprint\/","og_site_name":"Elena Filatov","article_modified_time":"2026-03-27T10:06:28+00:00","og_image":[{"width":1000,"height":1500,"url":"https:\/\/www.elenafilatov.com\/wp-content\/uploads\/2023\/09\/Elena-Filatov_08.jpg","type":"image\/jpeg"}],"twitter_card":"summary_large_image","twitter_misc":{"Est. reading time":"3 minutes"},"schema":{"@context":"https:\/\/schema.org","@graph":[{"@type":"WebPage","@id":"https:\/\/www.elenafilatov.com\/imprint\/","url":"https:\/\/www.elenafilatov.com\/imprint\/","name":"Impressum - Elena Filatov","isPartOf":{"@id":"https:\/\/www.elenafilatov.com\/#website"},"primaryImageOfPage":{"@id":"https:\/\/www.elenafilatov.com\/imprint\/#primaryimage"},"image":{"@id":"https:\/\/www.elenafilatov.com\/imprint\/#primaryimage"},"thumbnailUrl":"https:\/\/www.elenafilatov.com\/wp-content\/uploads\/2023\/09\/Elena-Filatov_08-683x1024.jpg","datePublished":"2022-04-15T09:42:26+00:00","dateModified":"2026-03-27T10:06:28+00:00","breadcrumb":{"@id":"https:\/\/www.elenafilatov.com\/imprint\/#breadcrumb"},"inLanguage":"en-US","potentialAction":[{"@type":"ReadAction","target":["https:\/\/www.elenafilatov.com\/imprint\/"]}]},{"@type":"ImageObject","inLanguage":"en-US","@id":"https:\/\/www.elenafilatov.com\/imprint\/#primaryimage","url":"https:\/\/www.elenafilatov.com\/wp-content\/uploads\/2023\/09\/Elena-Filatov_08-683x1024.jpg","contentUrl":"https:\/\/www.elenafilatov.com\/wp-content\/uploads\/2023\/09\/Elena-Filatov_08-683x1024.jpg"},{"@type":"BreadcrumbList","@id":"https:\/\/www.elenafilatov.com\/imprint\/#breadcrumb","itemListElement":[{"@type":"ListItem","position":1,"name":"Startseite","item":"https:\/\/www.elenafilatov.com\/"},{"@type":"ListItem","position":2,"name":"Impressum"}]},{"@type":"WebSite","@id":"https:\/\/www.elenafilatov.com\/#website","url":"https:\/\/www.elenafilatov.com\/","name":"Elena Filatov","description":"Galerie","publisher":{"@id":"https:\/\/www.elenafilatov.com\/#\/schema\/person\/25d51bfa5563a71ae2b07a4a3faacf87"},"potentialAction":[{"@type":"SearchAction","target":{"@type":"EntryPoint","urlTemplate":"https:\/\/www.elenafilatov.com\/?s={search_term_string}"},"query-input":{"@type":"PropertyValueSpecification","valueRequired":true,"valueName":"search_term_string"}}],"inLanguage":"en-US"},{"@type":["Person","Organization"],"@id":"https:\/\/www.elenafilatov.com\/#\/schema\/person\/25d51bfa5563a71ae2b07a4a3faacf87","name":"Elena Filatov","image":{"@type":"ImageObject","inLanguage":"en-US","@id":"https:\/\/www.elenafilatov.com\/wp-content\/uploads\/2023\/12\/Elena-Filatov.jpg","url":"https:\/\/www.elenafilatov.com\/wp-content\/uploads\/2023\/12\/Elena-Filatov.jpg","contentUrl":"https:\/\/www.elenafilatov.com\/wp-content\/uploads\/2023\/12\/Elena-Filatov.jpg","width":1200,"height":1454,"caption":"Elena Filatov"},"logo":{"@id":"https:\/\/www.elenafilatov.com\/wp-content\/uploads\/2023\/12\/Elena-Filatov.jpg"},"description":"Elena Filatov, artist, painter, woman. The tragic family history and the strength of Elena's two grandmothers, who ensured the survival of the family, shaped Elena Filatov's artistic development. The feminine and sensual strength runs like a red thread through Elena's work.","sameAs":["https:\/\/elenafilatov.com","https:\/\/www.instagram.com\/elena_filatov_\/"]}]}},"_links":{"self":[{"href":"https:\/\/www.elenafilatov.com\/en\/wp-json\/wp\/v2\/pages\/375","targetHints":{"allow":["GET"]}}],"collection":[{"href":"https:\/\/www.elenafilatov.com\/en\/wp-json\/wp\/v2\/pages"}],"about":[{"href":"https:\/\/www.elenafilatov.com\/en\/wp-json\/wp\/v2\/types\/page"}],"author":[{"embeddable":true,"href":"https:\/\/www.elenafilatov.com\/en\/wp-json\/wp\/v2\/users\/6"}],"replies":[{"embeddable":true,"href":"https:\/\/www.elenafilatov.com\/en\/wp-json\/wp\/v2\/comments?post=375"}],"version-history":[{"count":101,"href":"https:\/\/www.elenafilatov.com\/en\/wp-json\/wp\/v2\/pages\/375\/revisions"}],"predecessor-version":[{"id":9126,"href":"https:\/\/www.elenafilatov.com\/en\/wp-json\/wp\/v2\/pages\/375\/revisions\/9126"}],"wp:attachment":[{"href":"https:\/\/www.elenafilatov.com\/en\/wp-json\/wp\/v2\/media?parent=375"}],"curies":[{"name":"wp","href":"https:\/\/api.w.org\/{rel}","templated":true}]}}